{"id":9046,"date":"2026-04-07T17:01:59","date_gmt":"2026-04-07T17:01:59","guid":{"rendered":"https:\/\/www.luiscardoso.pt\/wordpress\/?page_id=9046"},"modified":"2026-04-07T17:01:59","modified_gmt":"2026-04-07T17:01:59","slug":"contact","status":"publish","type":"page","link":"https:\/\/www.luiscardoso.pt\/wordpress\/?page_id=9046","title":{"rendered":"Contact"},"content":{"rendered":"<section class=\"contact-page\">\n<p class=\"lang-switch\"><a href=\"#pt\">PT<\/a> | <a href=\"#en\">EN<\/a><\/p>\n<h1>Contactos \/ Contact<\/h1>\n<p><!-- PORTUGU\u00caS --><\/p>\n<h2 id=\"pt\">Contactos (PT)<\/h2>\n<p>Para informa\u00e7\u00f5es, projetos, encomendas, colabora\u00e7\u00f5es ou contactos institucionais:<\/p>\n<ul class=\"contact-list\">\n<li><strong>Composi\u00e7\u00e3o e projetos musicais:<\/strong><br \/>\n<a href=\"mailto:music.luiscardoso@outlook.com\">music.luiscardoso@outlook.com<\/a><\/li>\n<li><strong>Doc\u00eancia \/ Professor:<\/strong><br \/>\n<a href=\"mailto:luiscardoso@escolartes.com\">luiscardoso@escolartes.com<\/a><\/li>\n<li><strong>Vice-Dire\u00e7\u00e3o da Escola de Artes da Bairrada:<\/strong><br \/>\n<a href=\"mailto:vicedirec@escolartes.com\">vicedirec@escolartes.com<\/a><\/li>\n<li><strong>Orquestra Filarm\u00f3nica 12 de Abril:<\/strong><br \/>\n<a href=\"mailto:luis.cardoso@orquestra12deabril.com\">luis.cardoso@orquestra12deabril.com<\/a><\/li>\n<\/ul>\n<h3>Redes Sociais<\/h3>\n<p>Podes seguir-me nas redes sociais atrav\u00e9s do menu superior do site.<\/p>\n<p><!-- INGL\u00caS --><\/p>\n<h2 id=\"en\">Contact (EN)<\/h2>\n<p>For information, commissions, collaborations or institutional inquiries:<\/p>\n<ul class=\"contact-list\">\n<li><strong>Composition and musical projects:<\/strong><br \/>\n<a href=\"mailto:music.luiscardoso@outlook.com\">music.luiscardoso@outlook.com<\/a><\/li>\n<li><strong>Teaching \/ Professor:<\/strong><br \/>\n<a href=\"mailto:luiscardoso@escolartes.com\">luiscardoso@escolartes.com<\/a><\/li>\n<li><strong>Vice-Director of Escola de Artes da Bairrada:<\/strong><br \/>\n<a href=\"mailto:vicedirec@escolartes.com\">vicedirec@escolartes.com<\/a><\/li>\n<li><strong>Orquestra Filarm\u00f3nica 12 de Abril:<\/strong><br \/>\n<a href=\"mailto:luis.cardoso@orquestra12deabril.com\">luis.cardoso@orquestra12deabril.com<\/a><\/li>\n<\/ul>\n<h3>Social Media<\/h3>\n<p>You can follow me on social media through the site\u2019s top menu.<\/p>\n<\/section>\n","protected":false},"excerpt":{"rendered":"<p>PT | EN Contactos \/ Contact Contactos (PT) Para informa\u00e7\u00f5es, projetos, encomendas, colabora\u00e7\u00f5es ou contactos institucionais: Composi\u00e7\u00e3o e projetos musicais: music.luiscardoso@outlook.com Doc\u00eancia \/ Professor: luiscardoso@escolartes.com&#8230;<\/p>\n<div class=\"more-link-wrapper\"><a class=\"more-link\" href=\"https:\/\/www.luiscardoso.pt\/wordpress\/?page_id=9046\">Continue reading<span class=\"screen-reader-text\">Contact<\/span><\/a><\/div>\n","protected":false},"author":1,"featured_media":0,"parent":0,"menu_order":0,"comment_status":"closed","ping_status":"closed","template":"","meta":{"_acf_changed":false,"footnotes":""},"class_list":["post-9046","page","type-page","status-publish","hentry","entry"],"acf":[],"_links":{"self":[{"href":"https:\/\/www.luiscardoso.pt\/wordpress\/index.php?rest_route=\/wp\/v2\/pages\/9046","targetHints":{"allow":["GET"]}}],"collection":[{"href":"https:\/\/www.luiscardoso.pt\/wordpress\/index.php?rest_route=\/wp\/v2\/pages"}],"about":[{"href":"https:\/\/www.luiscardoso.pt\/wordpress\/index.php?rest_route=\/wp\/v2\/types\/page"}],"author":[{"embeddable":true,"href":"https:\/\/www.luiscardoso.pt\/wordpress\/index.php?rest_route=\/wp\/v2\/users\/1"}],"replies":[{"embeddable":true,"href":"https:\/\/www.luiscardoso.pt\/wordpress\/index.php?rest_route=%2Fwp%2Fv2%2Fcomments&post=9046"}],"version-history":[{"count":1,"href":"https:\/\/www.luiscardoso.pt\/wordpress\/index.php?rest_route=\/wp\/v2\/pages\/9046\/revisions"}],"predecessor-version":[{"id":9048,"href":"https:\/\/www.luiscardoso.pt\/wordpress\/index.php?rest_route=\/wp\/v2\/pages\/9046\/revisions\/9048"}],"wp:attachment":[{"href":"https:\/\/www.luiscardoso.pt\/wordpress\/index.php?rest_route=%2Fwp%2Fv2%2Fmedia&parent=9046"}],"curies":[{"name":"wp","href":"https:\/\/api.w.org\/{rel}","templated":true}]}}